{"id":4181,"date":"2023-05-31T07:13:17","date_gmt":"2023-05-31T05:13:17","guid":{"rendered":"https:\/\/jdaumanlogistics.pl\/?page_id=4181"},"modified":"2023-06-21T14:19:58","modified_gmt":"2023-06-21T12:19:58","slug":"grazyna-jaworska","status":"publish","type":"page","link":"https:\/\/jdaumanlogistics.pl\/en\/team\/grazyna-jaworska\/","title":{"rendered":"Gra\u017cyna Jaworska"},"content":{"rendered":"<div id=\"gradient1\" data-vc-full-width=\"true\" data-vc-full-width-init=\"false\" class=\"vc_row vc_row-outer vc_row-fluid\"><div id=\"tm-column-69f4c69f00a64\" class=\"wpb_column vc_column_container vc_col-sm-12\"><div class=\"vc_column-inner\"><div class=\"wpb_wrapper\"><div class=\"tm-spacer\" id=\"tm-spacer-69f4c69f00c99\"><\/div>\n\n<div class=\"tm-heading  left tm-animation move-up\" id=\"tm-heading-69f4c69f00eeb\">\n\t<h6 class=\"heading\" style=\"\"><span class=\"icon far fa-arrow-left\"><\/span><a href=\"\/en\/team\/\">team<\/a><\/h6><\/div>\n\n<div id=\"tm-row-inner-69f4c69f01472\" class=\"vc_row vc_inner vc_row-fluid vc_row-o-equal-height vc_row-flex\"><div id=\"tm-column-inner-69f4c69f017a3\" class=\"wpb_column vc_column_container vc_col-sm-6\"><div class=\"vc_column-inner\"><div class=\"wpb_wrapper\"><div class=\"tm-spacer\" id=\"tm-spacer-69f4c69f01999\"><\/div>\n\n\t<div class=\"wpb_text_column wpb_content_element  line-left-p tm-animation move-up\" >\n\t\t<div class=\"wpb_wrapper\">\n\t\t\t<p><span style=\"font-weight: 400;\">A law graduate from the University of Wroc\u0142aw, she has been with J. Dauman Finance Ltd since 2006, where she gained extensive accounting experience. Since 2021, managing director at J. Dauman Logistics Ltd.<\/span><\/p>\n<p><span style=\"font-weight: 400;\">He has many years of experience in tax advisory and in managing an extensive client portfolio, including international corporate clients. Expert in creating business strategy, particularly in the UK market.<\/span><\/p>\n<p><span style=\"font-weight: 400;\">In 2021, she added advising on customs processes and regulations to her range of skills, which she does on behalf of J. Dauman Logistics Ltd.<\/span><\/p>\n\n\t\t<\/div>\n\t<\/div>\n<\/div><\/div><\/div><div id=\"tm-column-inner-69f4c69f01d27\" class=\"wpb_column vc_column_container vc_col-sm-6\"><div class=\"vc_column-inner\"><div class=\"wpb_wrapper\"><div class=\"tm-image tm-animation move-up\" id=\"tm-image-69f4c69f01fc5\">\n\t\t\t<div class=\"image\"><img loading=\"lazy\" decoding=\"async\"  class=\"ll-image unload\" alt=\"dsc05991_453x453\" width=\"453\" height=\"453\" src=\"https:\/\/jdaumanlogistics.pl\/wp-content\/uploads\/2023\/06\/dsc05991_453x453-50x50.jpg\" data-src=\"https:\/\/jdaumanlogistics.pl\/wp-content\/uploads\/2023\/06\/dsc05991_453x453.jpg\" \/><\/div>\t<\/div>\n<div class=\"tm-spacer\" id=\"tm-spacer-69f4c69f0f28b\"><\/div>\n\n<div class=\"tm-heading  left tm-animation move-up\" id=\"tm-heading-69f4c69f0f47e\">\n\t<h2 class=\"heading\" style=\"\">Gra\u017cyna Jaworska<\/h2><\/div>\n\n<div class=\"tm-spacer\" id=\"tm-spacer-69f4c69f0f880\"><\/div>\n\n<div class=\"tm-heading  left tm-animation move-up\" id=\"tm-heading-69f4c69f0fa47\">\n\t<div class=\"heading\" style=\"\">Managing Director<\/div><\/div>\n\n<div class=\"tm-spacer\" id=\"tm-spacer-69f4c69f0fdcc\"><\/div>\n\n<div class=\"tm-heading  left tm-animation move-up\" id=\"tm-heading-69f4c69f0ff58\">\n\t<div class=\"heading\" style=\"\"><span class=\"icon fa fa-phone-square\"><\/span><a href=\"tel:+447859770138\">+447859770138<\/a><\/div><\/div>\n\n<div class=\"tm-spacer\" id=\"tm-spacer-69f4c69f102f0\"><\/div>\n\n<div class=\"tm-heading  left tm-animation move-up\" id=\"tm-heading-69f4c69f10488\">\n\t<div class=\"heading\" style=\"\"><span class=\"icon fa fa-envelope-square\"><\/span><a href=\"mailto:customs@jdauman.com\">customs@jdauman.com<\/a><\/div><\/div>\n\n<div class=\"tm-spacer\" id=\"tm-spacer-69f4c69f107c2\"><\/div>\n<\/div><\/div><\/div><\/div><\/div><\/div><\/div><\/div><div class=\"vc_row-full-width vc_clearfix\"><\/div>","protected":false},"excerpt":{"rendered":"zesp\u00f3\u0142 Absolwentka prawa na Uniwersytecie Wroc\u0142awskim, od 2006 roku zwi\u0105zana z J. Dauman Finance Ltd, gdzie zdobywa\u0142a rozlegle do\u015bwiadczenie ksi\u0119gowe. Od 2021 roku dyrektor zarz\u0105dzaj\u0105cy w J. Dauman Logistics Ltd. Posiada wieloletnie do\u015bwiadczenie w doradztwie podatkowym i w zarz\u0105dzaniu obszernym portfolio klient\u00f3w, z w\u0142\u0105czeniem mi\u0119dzynarodowych klient\u00f3w korporacyjnych. Ekspert w dziedzinie kreowania strategii biznesowej, zw\u0142aszcza na rynku brytyjskim. W 2021 roku do swojego wachlarzu umiej\u0119tno\u015bci do\u0142\u0105czy\u0142a doradztwo w procesach i regulacjach celnych, kt\u00f3re realizuje z ramienia J. Dauman Logistics Ltd. Gra\u017cyna Jaworska Managing Director +447859770138 customs@jdauman.com","protected":false},"author":19,"featured_media":0,"parent":3169,"menu_order":0,"comment_status":"closed","ping_status":"closed","template":"","meta":{"content-type":"","inline_featured_image":false,"footnotes":""},"class_list":["post-4181","page","type-page","status-publish","hentry","post-no-thumbnail"],"_links":{"self":[{"href":"https:\/\/jdaumanlogistics.pl\/en\/wp-json\/wp\/v2\/pages\/4181","targetHints":{"allow":["GET"]}}],"collection":[{"href":"https:\/\/jdaumanlogistics.pl\/en\/wp-json\/wp\/v2\/pages"}],"about":[{"href":"https:\/\/jdaumanlogistics.pl\/en\/wp-json\/wp\/v2\/types\/page"}],"author":[{"embeddable":true,"href":"https:\/\/jdaumanlogistics.pl\/en\/wp-json\/wp\/v2\/users\/19"}],"replies":[{"embeddable":true,"href":"https:\/\/jdaumanlogistics.pl\/en\/wp-json\/wp\/v2\/comments?post=4181"}],"version-history":[{"count":14,"href":"https:\/\/jdaumanlogistics.pl\/en\/wp-json\/wp\/v2\/pages\/4181\/revisions"}],"predecessor-version":[{"id":5971,"href":"https:\/\/jdaumanlogistics.pl\/en\/wp-json\/wp\/v2\/pages\/4181\/revisions\/5971"}],"up":[{"embeddable":true,"href":"https:\/\/jdaumanlogistics.pl\/en\/wp-json\/wp\/v2\/pages\/3169"}],"wp:attachment":[{"href":"https:\/\/jdaumanlogistics.pl\/en\/wp-json\/wp\/v2\/media?parent=4181"}],"curies":[{"name":"wp","href":"https:\/\/api.w.org\/{rel}","templated":true}]}}